{"id":161,"date":"2017-08-30T07:52:33","date_gmt":"2017-08-30T07:52:33","guid":{"rendered":"http:\/\/www.dahliahemmet.fi\/dh\/?page_id=161"},"modified":"2018-08-15T15:07:34","modified_gmt":"2018-08-15T15:07:34","slug":"asuminen","status":"publish","type":"page","link":"https:\/\/www.dahliahemmet.fi\/dh\/fi\/asuminen\/","title":{"rendered":"Asuminen"},"content":{"rendered":"<section id=\"builder-section-text_11\" class=\"builder-section-first builder-section builder-section-text builder-section-next-gallery builder-text-columns-2\" style=\"background-size: cover; background-repeat: no-repeat;background-position: center center;\">\n<div class=\"builder-section-content\">\n<div class=\"builder-text-row\">\n<div class=\"builder-text-column builder-text-column-1\" id=\"builder-section-text_11-column-1\">\n<div class=\"builder-text-content\">\n<h1>Asuminen<\/h1>\n<p><strong>Huoneet<\/strong><\/p>\n<p>Dahliakodissa on kahdeksan yhden hengen huonetta joista yksi on lyhytaikaiseen asumiseen (ns. intervalli). Lis\u00e4ksi on kaksi kahden hengen huonetta. Kaikki huoneet ovat tilavia, valoisia ja kotoisia. Ikkunoista voi katsella Taalintehtaan historiallisia hiiliuuneja ja kyl\u00e4nraitin hulinaa. Huoneiden perussistustukseen kuuluu s\u00e4nky, y\u00f6p\u00f6yt\u00e4 sek\u00e4 kaappi asiakkaan omille vaatteille. Asiakas saa itse sisustaa huoneensa. Kaikki huoneet on varustettu osoitteellisella sprinkleri- ja paloh\u00e4lytysj\u00e4rjestelm\u00e4ll\u00e4. Kaikissa huoneissa on liikuntarajoitteiselle sopiva wc ja suihku.<\/p>\n<p><em><strong>Kaikille yhteisess\u00e4 k\u00e4yt\u00f6ss\u00e4<\/strong><\/em> on olohuone, pienempi seurustelutila, keitti\u00f6 ja ruokasali, kylpy- ja pesutilat sek\u00e4 pyykkitupa.<\/p>\n<p>Dahliakotiin muuttaessasi tehd\u00e4\u00e4n vuokrasopimus ja sinulla on mahdollisuus <a href=\"http:\/\/www.kela.fi\/elakkeensaajan-asumistuki\" target=\"_blank\" rel=\"noopener\">hakea Kelasta asumistukea <span class=\"ttfmake-icon mceNonEditable fas\">\uf360<\/span> <\/a><\/p>\n<p><strong>Hoito ja huolenpito<\/strong><\/p>\n<p>Dahliakodissa on paikalla koulutettua hoitohenkil\u00f6kuntaa vuorokauden ymp\u00e4ri. Talon vastuul\u00e4\u00e4k\u00e4ri Eero Kitinoja tekee k\u00e4yntej\u00e4 s\u00e4\u00e4nn\u00f6llisesti ja h\u00e4nt\u00e4 on aina tarvittaessa mahdollisuus konsultoida. Hoitosopimus tehd\u00e4\u00e4n muuton j\u00e4lkeen ja silloin on mahdollista <a href=\"http:\/\/www.kela.fi\/elaketta-saavan-hoitotuki\" target=\"_blank\" rel=\"noopener\">hakea Kelasta hoitotukea <span class=\"ttfmake-icon mceNonEditable fas\">\uf360<\/span><\/a><\/p>\n<p><strong>Aktiviteetit<\/strong><\/p>\n<p>Dahliakoti sijaitsee kivenheiton p\u00e4\u00e4ss\u00e4 Taalintehtaan torilta, joka keskiviikkoisin ja lauantaisin ker\u00e4\u00e4 torimyyj\u00e4t myym\u00e4\u00e4n paikallisia tuotteitaan. Henkil\u00f6kunnan avulla voi asukas k\u00e4yd\u00e4 torilla kiertelem\u00e4ss\u00e4 ja tekem\u00e4ss\u00e4 ostoksia. Raitista ilmaa voi haukata my\u00f6s k\u00e4velyll\u00e4 rantatiell\u00e4 joka kulkee Dahliakodin ohitse. Piha tarjoaa mahdollisuuden kahvihetkiin ja grillaamiseen sek\u00e4 puutarhanhoitoon.<\/p>\n<p>Yleisiss\u00e4 tiloissa j\u00e4rjestet\u00e4\u00e4n erilaisia aktiviteetteja kuten esimerkiksi askartelu-, musiikki- ja pelituokioita joihin asukkaamme vapaasti voivat osallistua. Seurakunnasta tehd\u00e4\u00e4n s\u00e4\u00e4nn\u00f6llisi\u00e4 vierailuita. Yleisiss\u00e4 tiloissa asukkailla on mahdollisuus seurusteluun ja uusiin kontakteihin.<\/p>\n<p><strong>Tukipalvelut<\/strong><\/p>\n<p>Dahliakodin ilmavassa ja modernissa keitti\u00f6ss\u00e4 em\u00e4nt\u00e4mme valmistaa monipuolista ja maistuvaa ruokaa l\u00e4hell\u00e4 tuotetuista raaka-aineista. My\u00f6s erikoisruokavaliot huomioidaan. Jos asiakas niin haluaa, on h\u00e4nell\u00e4 mahdollisuus osallistua joihinkin keitti\u00f6toimiin, kuten esimerkiksi leivontaan.<\/p>\n<p>Siivouksesta ja puhtaanapidosta vastaa talon oma henkil\u00f6kunta. Jos asiakas niin haluaa, on h\u00e4nell\u00e4 mahdollisuus osallistua oman huoneen siivoukseen, kuten my\u00f6s vaatehuoltoon.<\/p>\n<\/p><\/div>\n<\/p><\/div>\n<div class=\"builder-text-column builder-text-column-2\" id=\"builder-section-text_11-column-2\">\n<div class=\"builder-text-content\">\n<p><img loading=\"lazy\" decoding=\"async\" class=\"aligncenter wp-image-211\" src=\"https:\/\/www.dahliahemmet.fi\/dh\/wp-content\/uploads\/2018\/02\/sminkh\u00f6rnan-300x225.jpg\" alt=\"\" width=\"345\" height=\"259\" srcset=\"https:\/\/www.dahliahemmet.fi\/dh\/wp-content\/uploads\/2018\/02\/sminkh\u00f6rnan-300x225.jpg 300w, https:\/\/www.dahliahemmet.fi\/dh\/wp-content\/uploads\/2018\/02\/sminkh\u00f6rnan-768x576.jpg 768w, https:\/\/www.dahliahemmet.fi\/dh\/wp-content\/uploads\/2018\/02\/sminkh\u00f6rnan-1024x768.jpg 1024w, https:\/\/www.dahliahemmet.fi\/dh\/wp-content\/uploads\/2018\/02\/sminkh\u00f6rnan.jpg 2048w\" sizes=\"(max-width: 345px) 100vw, 345px\" \/><\/p>\n<p><img loading=\"lazy\" decoding=\"async\" class=\"aligncenter wp-image-206 size-full\" src=\"https:\/\/www.dahliahemmet.fi\/dh\/wp-content\/uploads\/2018\/02\/kattor.jpg\" alt=\"\" width=\"345\" height=\"720\" srcset=\"https:\/\/www.dahliahemmet.fi\/dh\/wp-content\/uploads\/2018\/02\/kattor.jpg 345w, https:\/\/www.dahliahemmet.fi\/dh\/wp-content\/uploads\/2018\/02\/kattor-144x300.jpg 144w\" sizes=\"(max-width: 345px) 100vw, 345px\" \/><\/p>\n<\/p><\/div>\n<\/p><\/div>\n<\/p><\/div>\n<\/p><\/div>\n<\/section>\n<section id=\"builder-section-gallery_53\" class=\"builder-section-prev-text builder-section builder-section-gallery builder-section-last builder-gallery-columns-3 builder-gallery-captions-reveal builder-gallery-captions-light builder-gallery-aspect-square\" style=\"background-size: cover; background-repeat: no-repeat;background-position: center center;\">\n<div class=\"builder-section-content\">\n<div class=\"builder-gallery-item \">\n<figure class=\"builder-gallery-image\" style=\"background-image: url(&#039;https:\/\/www.dahliahemmet.fi\/dh\/wp-content\/uploads\/2018\/06\/34644232_1945149622176475_271482026626908160_n.jpg&#039;);\"><\/figure>\n<\/p><\/div>\n<div class=\"builder-gallery-item \">\n<figure class=\"builder-gallery-image\" style=\"background-image: url(&#039;https:\/\/www.dahliahemmet.fi\/dh\/wp-content\/uploads\/2018\/06\/34592957_1945151042176333_6225130727013351424_n-1024x768.jpg&#039;);\"><\/figure>\n<\/p><\/div>\n<div class=\"builder-gallery-item  last-3\">\n<figure class=\"builder-gallery-image\" style=\"background-image: url(&#039;https:\/\/www.dahliahemmet.fi\/dh\/wp-content\/uploads\/2018\/06\/34815570_1945151305509640_5461736535378362368_n-1024x768.jpg&#039;);\"><\/figure>\n<\/p><\/div>\n<\/p><\/div>\n<\/section>\n","protected":false},"excerpt":{"rendered":"<p>Asuminen Huoneet Dahliakodissa on kahdeksan yhden hengen huonetta joista yksi on lyhytaikaiseen asumiseen (ns. intervalli). Lis\u00e4ksi on kaksi kahden hengen huonetta. Kaikki huoneet ovat tilavia, valoisia ja kotoisia. Ikkunoista voi katsella Taalintehtaan historiallisia hiiliuuneja ja kyl\u00e4nraitin hulinaa. Huoneiden perussistustukseen kuuluu s\u00e4nky, y\u00f6p\u00f6yt\u00e4 sek\u00e4 kaappi asiakkaan omille vaatteille. Asiakas saa itse sisustaa huoneensa. Kaikki huoneet on &hellip;<\/p>\n","protected":false},"author":1,"featured_media":0,"parent":0,"menu_order":0,"comment_status":"closed","ping_status":"closed","template":"template-builder.php","meta":{"footnotes":""},"class_list":["post-161","page","type-page","status-publish","hentry"],"_links":{"self":[{"href":"https:\/\/www.dahliahemmet.fi\/dh\/wp-json\/wp\/v2\/pages\/161"}],"collection":[{"href":"https:\/\/www.dahliahemmet.fi\/dh\/wp-json\/wp\/v2\/pages"}],"about":[{"href":"https:\/\/www.dahliahemmet.fi\/dh\/wp-json\/wp\/v2\/types\/page"}],"author":[{"embeddable":true,"href":"https:\/\/www.dahliahemmet.fi\/dh\/wp-json\/wp\/v2\/users\/1"}],"replies":[{"embeddable":true,"href":"https:\/\/www.dahliahemmet.fi\/dh\/wp-json\/wp\/v2\/comments?post=161"}],"version-history":[{"count":6,"href":"https:\/\/www.dahliahemmet.fi\/dh\/wp-json\/wp\/v2\/pages\/161\/revisions"}],"predecessor-version":[{"id":400,"href":"https:\/\/www.dahliahemmet.fi\/dh\/wp-json\/wp\/v2\/pages\/161\/revisions\/400"}],"wp:attachment":[{"href":"https:\/\/www.dahliahemmet.fi\/dh\/wp-json\/wp\/v2\/media?parent=161"}],"curies":[{"name":"wp","href":"https:\/\/api.w.org\/{rel}","templated":true}]}}