{"id":163,"date":"2017-08-30T07:53:53","date_gmt":"2017-08-30T07:53:53","guid":{"rendered":"http:\/\/www.dahliahemmet.fi\/dh\/?page_id=163"},"modified":"2017-08-30T08:00:08","modified_gmt":"2017-08-30T08:00:08","slug":"meille-toihin","status":"publish","type":"page","link":"https:\/\/www.dahliahemmet.fi\/dh\/fi\/meille-toihin\/","title":{"rendered":"Haluatko meille t\u00f6ihin?"},"content":{"rendered":"<section id=\"builder-section-text_11\" class=\"builder-section-first builder-section builder-section-text builder-section-last builder-text-columns-1\" style=\"background-size: cover; background-repeat: no-repeat;background-position: center center;\">\n<div class=\"builder-section-content\">\n<div class=\"builder-text-row\">\n<div class=\"builder-text-column builder-text-column-1\" id=\"builder-section-text_11-column-1\">\n<div class=\"builder-text-content\">\n<h2>Haluatko meille t\u00f6ihin?<\/h2>\n<p>L\u00e4het\u00e4 vapaamuotoinen hakemuksesi osoitteeseen <a href=\"mailto:mia.sandholm@dahliahemmet.fi\">mia.sandholm@dahliahemmet.fi<\/a><\/p>\n<\/p><\/div>\n<\/p><\/div>\n<\/p><\/div>\n<\/p><\/div>\n<\/section>\n","protected":false},"excerpt":{"rendered":"<p>Haluatko meille t\u00f6ihin? L\u00e4het\u00e4 vapaamuotoinen hakemuksesi osoitteeseen mia.sandholm@dahliahemmet.fi<\/p>\n","protected":false},"author":1,"featured_media":0,"parent":0,"menu_order":0,"comment_status":"closed","ping_status":"closed","template":"template-builder.php","meta":{"footnotes":""},"class_list":["post-163","page","type-page","status-publish","hentry"],"_links":{"self":[{"href":"https:\/\/www.dahliahemmet.fi\/dh\/wp-json\/wp\/v2\/pages\/163"}],"collection":[{"href":"https:\/\/www.dahliahemmet.fi\/dh\/wp-json\/wp\/v2\/pages"}],"about":[{"href":"https:\/\/www.dahliahemmet.fi\/dh\/wp-json\/wp\/v2\/types\/page"}],"author":[{"embeddable":true,"href":"https:\/\/www.dahliahemmet.fi\/dh\/wp-json\/wp\/v2\/users\/1"}],"replies":[{"embeddable":true,"href":"https:\/\/www.dahliahemmet.fi\/dh\/wp-json\/wp\/v2\/comments?post=163"}],"version-history":[{"count":2,"href":"https:\/\/www.dahliahemmet.fi\/dh\/wp-json\/wp\/v2\/pages\/163\/revisions"}],"predecessor-version":[{"id":170,"href":"https:\/\/www.dahliahemmet.fi\/dh\/wp-json\/wp\/v2\/pages\/163\/revisions\/170"}],"wp:attachment":[{"href":"https:\/\/www.dahliahemmet.fi\/dh\/wp-json\/wp\/v2\/media?parent=163"}],"curies":[{"name":"wp","href":"https:\/\/api.w.org\/{rel}","templated":true}]}}