{"id":165,"date":"2017-08-30T07:56:51","date_gmt":"2017-08-30T07:56:51","guid":{"rendered":"http:\/\/www.dahliahemmet.fi\/dh\/?page_id=165"},"modified":"2018-08-15T14:56:48","modified_gmt":"2018-08-15T14:56:48","slug":"etusivu","status":"publish","type":"page","link":"https:\/\/www.dahliahemmet.fi\/dh\/fi\/etusivu\/","title":{"rendered":"Etusivu"},"content":{"rendered":"<section id=\"builder-section-text_31\" class=\"builder-section-first builder-section builder-section-text builder-section-next-text builder-text-columns-3\" style=\"background-size: cover; background-repeat: no-repeat;background-position: center center;\">\n<div class=\"builder-section-content\">\n<div class=\"builder-text-row\">\n<div class=\"builder-text-column builder-text-column-1\" id=\"builder-section-text_31-column-1\">\n<div class=\"builder-text-content\">\n<p><a href=\"https:\/\/www.dahliahemmet.fi\/dh\/fi\/asuminen\/\"><img loading=\"lazy\" decoding=\"async\" class=\"aligncenter wp-image-261 size-medium\" src=\"https:\/\/www.dahliahemmet.fi\/dh\/wp-content\/uploads\/2018\/08\/asuminen-300x208.jpg\" alt=\"\" width=\"300\" height=\"208\" srcset=\"https:\/\/www.dahliahemmet.fi\/dh\/wp-content\/uploads\/2018\/08\/asuminen-300x208.jpg 300w, https:\/\/www.dahliahemmet.fi\/dh\/wp-content\/uploads\/2018\/08\/asuminen.jpg 720w\" sizes=\"(max-width: 300px) 100vw, 300px\" \/><\/a><\/p>\n<\/p><\/div>\n<\/p><\/div>\n<div class=\"builder-text-column builder-text-column-2\" id=\"builder-section-text_31-column-2\">\n<div class=\"builder-text-content\">\n<p><a href=\"https:\/\/www.dahliahemmet.fi\/dh\/fi\/hoito\/\"><img loading=\"lazy\" decoding=\"async\" class=\"aligncenter wp-image-365 size-medium\" src=\"https:\/\/www.dahliahemmet.fi\/dh\/wp-content\/uploads\/2018\/08\/hoito-300x208.jpg\" alt=\"\" width=\"300\" height=\"208\" srcset=\"https:\/\/www.dahliahemmet.fi\/dh\/wp-content\/uploads\/2018\/08\/hoito-300x208.jpg 300w, https:\/\/www.dahliahemmet.fi\/dh\/wp-content\/uploads\/2018\/08\/hoito.jpg 720w\" sizes=\"(max-width: 300px) 100vw, 300px\" \/><\/a><\/p>\n<\/p><\/div>\n<\/p><\/div>\n<div class=\"builder-text-column builder-text-column-3\" id=\"builder-section-text_31-column-3\">\n<div class=\"builder-text-content\">\n<p><a href=\"https:\/\/www.dahliahemmet.fi\/dh\/fi\/kurssitarjonta\/\"><img loading=\"lazy\" decoding=\"async\" class=\"aligncenter wp-image-364 size-medium\" src=\"https:\/\/www.dahliahemmet.fi\/dh\/wp-content\/uploads\/2018\/08\/koulutus-1-300x208.jpg\" alt=\"\" width=\"300\" height=\"208\" srcset=\"https:\/\/www.dahliahemmet.fi\/dh\/wp-content\/uploads\/2018\/08\/koulutus-1-300x208.jpg 300w, https:\/\/www.dahliahemmet.fi\/dh\/wp-content\/uploads\/2018\/08\/koulutus-1.jpg 720w\" sizes=\"(max-width: 300px) 100vw, 300px\" \/><\/a><\/p>\n<\/p><\/div>\n<\/p><\/div>\n<\/p><\/div>\n<\/p><\/div>\n<\/section>\n<section id=\"builder-section-text_11\" class=\"builder-section-prev-text builder-section builder-section-text builder-section-next-text builder-text-columns-1\" style=\"background-size: cover; background-repeat: no-repeat;background-position: center center;\">\n<div class=\"builder-section-content\">\n<div class=\"builder-text-row\">\n<div class=\"builder-text-column builder-text-column-1\" id=\"builder-section-text_11-column-1\">\n<div class=\"builder-text-content\">\n<p><em><strong>Dahliakoti<\/strong> <\/em>sijaitsee rauhallisessa Taalintehtaan kyl\u00e4ss\u00e4 Kemi\u00f6nsaarella, saaristolaismilj\u00f6\u00f6ss\u00e4 historiallisten rakennusten ymp\u00e4r\u00f6im\u00e4n\u00e4. Kivenheiton p\u00e4\u00e4st\u00e4 l\u00f6ytyy arjen palvelut, kuten posti, kauppa, kirjasto, kahvila sek\u00e4 terveysasema. Dahliakoti on perustettu 17.10.2016 ja tarjoaa tehostettua palveluasumista.<\/p>\n<p><em><strong>Me<\/strong> <\/em>Dahliakodissa tarjoamme tukea ja hoitoa ymp\u00e4ri vuorokauden. Pitk\u00e4aikaishoidon lis\u00e4ksi tarjoamme my\u00f6s lyhytaikaista intervallihoitoa, esimerkiksi omaishoitajan loman ajaksi tai saattohoitoon.<\/p>\n<p>Dahliakotiin on mahdollista tulla joko kokonaan yksityisesti, palvelusetelill\u00e4 tai kotikunnan maksusitoumuksella.<\/p>\n<p>Kemi\u00f6nsaaren kunta on hyv\u00e4ksynyt Dahliakodin tehostetun palveluasumisen <em><strong>tuottajaksi<\/strong><\/em>. <a href=\"http:\/\/kimitoon.fi\/files\/703\/ansokan_vardplats_soc.servicefi.pdf\" target=\"_blank\" rel=\"noopener\">J\u00e4t\u00e4 hoitopaikkahakemus Kemi\u00f6nsaaren kunnalle <span class=\"ttfmake-icon mceNonEditable fas\">\uf1c1<\/span> <\/a><\/p>\n<p>Dahliakodin <em><strong>henkil\u00f6kunta<\/strong> <\/em>tarjoaa hoitoa ja huolenpitoa turvallisessa ymp\u00e4rist\u00f6ss\u00e4 kokemuksella ja ammattitaidolla. Henkil\u00f6kuntaan kuuluu sairaanhoitaja, l\u00e4hihoitajia ja em\u00e4nt\u00e4. <em><strong>Vastaavana l\u00e4\u00e4k\u00e4rin\u00e4<\/strong><\/em> toimii Eero Kitinoja. My\u00f6s <em><strong>kissamme<\/strong> <\/em>Disa ja Charlie osallistuvat hoitoon.<\/p>\n<p>Kaikille asukkaille tarjotaan <em><strong>potilash\u00e4lytint\u00e4<\/strong> <\/em>jota pidet\u00e4\u00e4n ranteessa turvallisuuden lis\u00e4\u00e4miseksi.<\/p>\n<\/p><\/div>\n<\/p><\/div>\n<\/p><\/div>\n<\/p><\/div>\n<\/section>\n<section id=\"builder-section-text_57\" class=\"builder-section-prev-text builder-section builder-section-text builder-section-last builder-text-columns-2\" style=\"background-size: cover; background-repeat: no-repeat;background-position: center center;\">\n<div class=\"builder-section-content\">\n<div class=\"builder-text-row\">\n<div class=\"builder-text-column builder-text-column-1\" id=\"builder-section-text_57-column-1\">\n<div class=\"builder-text-content\">\n<div class=\"su-box su-box-style-bubbles\" id=\"\" style=\"border-color:#6d8a18;border-radius:1px\"><div class=\"su-box-title\" style=\"background-color:#a0bd4b;color:#000000;border-top-left-radius:0px;border-top-right-radius:0px\">L\u00e4\u00e4k\u00e4rin ja sairaanhoitajan vastaanotto<\/div><div class=\"su-box-content su-u-clearfix su-u-trim\" style=\"border-bottom-left-radius:0px;border-bottom-right-radius:0px\">\n<div class=\"su-row\"><div class=\"su-column su-column-size-1-2\"><div class=\"su-column-inner su-u-clearfix su-u-trim\">\n<p style=\"text-align: left;\"><img loading=\"lazy\" decoding=\"async\" class=\"wp-image-71 size-thumbnail alignnone\" src=\"https:\/\/www.dahliahemmet.fi\/dh\/wp-content\/uploads\/2016\/10\/large_eerokitinoja-150x150.jpg\" alt=\"\" width=\"150\" height=\"150\" srcset=\"https:\/\/www.dahliahemmet.fi\/dh\/wp-content\/uploads\/2016\/10\/large_eerokitinoja-150x150.jpg 150w, https:\/\/www.dahliahemmet.fi\/dh\/wp-content\/uploads\/2016\/10\/large_eerokitinoja.jpg 180w\" sizes=\"(max-width: 150px) 100vw, 150px\" \/><br \/><strong>L\u00e4\u00e4k\u00e4ri<br \/><\/strong>Eero Kitinoja<br \/><\/div><\/div>\n<div class=\"su-column su-column-size-1-2\"><div class=\"su-column-inner su-u-clearfix su-u-trim\"><strong><img loading=\"lazy\" decoding=\"async\" class=\"wp-image-375 size-thumbnail alignnone\" src=\"https:\/\/www.dahliahemmet.fi\/dh\/wp-content\/uploads\/2018\/08\/miasandholm-150x150.jpg\" alt=\"\" width=\"150\" height=\"150\" \/><br \/><\/strong><strong>Sairaanhoitaja<br \/><\/strong>Mia Sandholm<strong><br \/><\/strong><\/div><\/div><\/div>\n<p style=\"text-align: center;\"><span style=\"font-size: 14pt;\"><strong>Vastaanottojen ajanvaraukset<\/strong><\/span><br \/><span style=\"font-size: 18pt;\"><strong>040 8484 128<br \/><\/strong><\/span><\/div><\/div>\n<div class=\"su-box su-box-style-bubbles\" id=\"\" style=\"border-color:#6d8a18;border-radius:1px\"><div class=\"su-box-title\" style=\"background-color:#a0bd4b;color:#000000;border-top-left-radius:0px;border-top-right-radius:0px\">Ota yhteytt\u00e4<\/div><div class=\"su-box-content su-u-clearfix su-u-trim\" style=\"border-bottom-left-radius:0px;border-bottom-right-radius:0px\"><b>Dahliakoti<\/b><br \/>Kolapakantie 4<br \/>25900 Taalintehdas<br \/><span class=\"ttfmake-icon mceNonEditable fas\">\uf098<\/span> 040 7507222<br \/><span class=\"ttfmake-icon mceNonEditable fas\">\uf0e0<\/span> info@dahliahemmet.fi<\/p>\n<p><b>Syster Mia<\/b><br \/>Kotisairaanhoito<br \/><span class=\"ttfmake-icon mceNonEditable fas\">\uf098<\/span> 040 484 4128<br \/><span class=\"ttfmake-icon mceNonEditable fas\">\uf0e0<\/span> mia.sandholm@systermia.fi<\/div><\/div>\n<\/p><\/div>\n<\/p><\/div>\n<div class=\"builder-text-column builder-text-column-2\" id=\"builder-section-text_57-column-2\">\n<div class=\"builder-text-content\">\n<p><img loading=\"lazy\" decoding=\"async\" class=\"aligncenter wp-image-210\" src=\"https:\/\/www.dahliahemmet.fi\/dh\/wp-content\/uploads\/2018\/02\/kvarnvinterutenara-300x225.jpg\" alt=\"\" width=\"299\" height=\"224\" srcset=\"https:\/\/www.dahliahemmet.fi\/dh\/wp-content\/uploads\/2018\/02\/kvarnvinterutenara-300x225.jpg 300w, https:\/\/www.dahliahemmet.fi\/dh\/wp-content\/uploads\/2018\/02\/kvarnvinterutenara-768x576.jpg 768w, https:\/\/www.dahliahemmet.fi\/dh\/wp-content\/uploads\/2018\/02\/kvarnvinterutenara-1024x768.jpg 1024w, https:\/\/www.dahliahemmet.fi\/dh\/wp-content\/uploads\/2018\/02\/kvarnvinterutenara.jpg 2048w\" sizes=\"(max-width: 299px) 100vw, 299px\" \/><\/p>\n<p><img loading=\"lazy\" decoding=\"async\" class=\"aligncenter wp-image-209\" src=\"https:\/\/www.dahliahemmet.fi\/dh\/wp-content\/uploads\/2018\/02\/kvarnvinterute-225x300.jpg\" alt=\"\" width=\"299\" height=\"399\" srcset=\"https:\/\/www.dahliahemmet.fi\/dh\/wp-content\/uploads\/2018\/02\/kvarnvinterute-225x300.jpg 225w, https:\/\/www.dahliahemmet.fi\/dh\/wp-content\/uploads\/2018\/02\/kvarnvinterute.jpg 540w\" sizes=\"(max-width: 299px) 100vw, 299px\" \/><\/p>\n<\/p><\/div>\n<\/p><\/div>\n<\/p><\/div>\n<div class=\"builder-text-row\">\n<div class=\"builder-text-column builder-text-column-3\" id=\"builder-section-text_57-column-1\">\n<div class=\"builder-text-content\">\n<div id=\"fb-root\"><\/div>\n<p><script>(function(d, s, id) {\n  var js, fjs = d.getElementsByTagName(s)[0];\n  if (d.getElementById(id)) return;\n  js = d.createElement(s); js.id = id;\n  js.src = \"\/\/connect.facebook.net\/sv_SE\/sdk.js#xfbml=1&version=v2.9\";\n  fjs.parentNode.insertBefore(js, fjs);\n}(document, 'script', 'facebook-jssdk'));<\/script><\/p>\n<div class=\"fb-page\" data-href=\"https:\/\/www.facebook.com\/Dahliahemmet\" data-tabs=\"timeline\" data-small-header=\"false\" data-adapt-container-width=\"true\" data-hide-cover=\"false\" data-show-facepile=\"false\">\n<blockquote class=\"fb-xfbml-parse-ignore\" cite=\"https:\/\/www.facebook.com\/Dahliahemmet\">\n<p><a href=\"https:\/\/www.facebook.com\/Dahliahemmet\">Dahliahemmet \/ Dahliakoti<\/a><\/p>\n<\/blockquote>\n<\/div><\/div>\n<\/p><\/div>\n<div class=\"builder-text-column builder-text-column-4\" id=\"builder-section-text_57-column-2\">\n<div class=\"builder-text-content\">\n<div id=\"fb-root\"><\/div>\n<p><script>(function(d, s, id) {\n  var js, fjs = d.getElementsByTagName(s)[0];\n  if (d.getElementById(id)) return;\n  js = d.createElement(s); js.id = id;\n  js.src = 'https:\/\/connect.facebook.net\/sv_SE\/sdk.js#xfbml=1&version=v2.12';\n  fjs.parentNode.insertBefore(js, fjs);\n}(document, 'script', 'facebook-jssdk'));<\/script><\/p>\n<div class=\"fb-page\" data-href=\"https:\/\/www.facebook.com\/Syster-Mia-258037890927972\/\" data-tabs=\"timeline\" data-small-header=\"false\" data-adapt-container-width=\"true\" data-hide-cover=\"false\" data-show-facepile=\"true\">\n<blockquote class=\"fb-xfbml-parse-ignore\" cite=\"https:\/\/www.facebook.com\/Syster-Mia-258037890927972\/\">\n<p><a href=\"https:\/\/www.facebook.com\/Syster-Mia-258037890927972\/\">Syster Mia<\/a><\/p>\n<\/blockquote>\n<\/div><\/div>\n<\/p><\/div>\n<\/p><\/div>\n<\/p><\/div>\n<\/section>\n","protected":false},"excerpt":{"rendered":"<p>Dahliakoti sijaitsee rauhallisessa Taalintehtaan kyl\u00e4ss\u00e4 Kemi\u00f6nsaarella, saaristolaismilj\u00f6\u00f6ss\u00e4 historiallisten rakennusten ymp\u00e4r\u00f6im\u00e4n\u00e4. Kivenheiton p\u00e4\u00e4st\u00e4 l\u00f6ytyy arjen palvelut, kuten posti, kauppa, kirjasto, kahvila sek\u00e4 terveysasema. Dahliakoti on perustettu 17.10.2016 ja tarjoaa tehostettua palveluasumista. Me Dahliakodissa tarjoamme tukea ja hoitoa ymp\u00e4ri vuorokauden. Pitk\u00e4aikaishoidon lis\u00e4ksi tarjoamme my\u00f6s lyhytaikaista intervallihoitoa, esimerkiksi omaishoitajan loman ajaksi tai saattohoitoon. Dahliakotiin on mahdollista tulla joko &hellip;<\/p>\n","protected":false},"author":1,"featured_media":0,"parent":0,"menu_order":0,"comment_status":"closed","ping_status":"closed","template":"template-builder.php","meta":{"footnotes":""},"class_list":["post-165","page","type-page","status-publish","hentry"],"_links":{"self":[{"href":"https:\/\/www.dahliahemmet.fi\/dh\/wp-json\/wp\/v2\/pages\/165"}],"collection":[{"href":"https:\/\/www.dahliahemmet.fi\/dh\/wp-json\/wp\/v2\/pages"}],"about":[{"href":"https:\/\/www.dahliahemmet.fi\/dh\/wp-json\/wp\/v2\/types\/page"}],"author":[{"embeddable":true,"href":"https:\/\/www.dahliahemmet.fi\/dh\/wp-json\/wp\/v2\/users\/1"}],"replies":[{"embeddable":true,"href":"https:\/\/www.dahliahemmet.fi\/dh\/wp-json\/wp\/v2\/comments?post=165"}],"version-history":[{"count":16,"href":"https:\/\/www.dahliahemmet.fi\/dh\/wp-json\/wp\/v2\/pages\/165\/revisions"}],"predecessor-version":[{"id":394,"href":"https:\/\/www.dahliahemmet.fi\/dh\/wp-json\/wp\/v2\/pages\/165\/revisions\/394"}],"wp:attachment":[{"href":"https:\/\/www.dahliahemmet.fi\/dh\/wp-json\/wp\/v2\/media?parent=165"}],"curies":[{"name":"wp","href":"https:\/\/api.w.org\/{rel}","templated":true}]}}