{"id":181,"date":"2018-02-23T17:32:49","date_gmt":"2018-02-23T17:32:49","guid":{"rendered":"http:\/\/www.dahliahemmet.fi\/dh\/?page_id=181"},"modified":"2018-08-15T15:03:58","modified_gmt":"2018-08-15T15:03:58","slug":"kursutbud","status":"publish","type":"page","link":"https:\/\/www.dahliahemmet.fi\/dh\/sv\/kursutbud\/","title":{"rendered":"Kursutbud"},"content":{"rendered":"<section id=\"builder-section-text_11\" class=\"builder-section-first builder-section builder-section-text builder-section-next-text builder-text-columns-1\" style=\"background-size: cover; background-repeat: no-repeat;background-position: center center;\">\n<div class=\"builder-section-content\">\n<div class=\"builder-text-row\">\n<div class=\"builder-text-column builder-text-column-1\" id=\"builder-section-text_11-column-1\">\n<div class=\"builder-text-content\">\n<h1><strong>Kursutbud<\/strong><\/h1>\n<p><strong>F\u00d6RSTA HJ\u00c4LPEN UTBILDNING<\/strong><br \/>\nJag har sedan 1992 fungerat som utbildare i f\u00f6rsta hj\u00e4lpen och h\u00e4lsokunskap.<\/p>\n<p>Utbildning i f\u00f6rsta hj\u00e4lpen erbjuds till f\u00f6retag, l\u00e4roanstalter, f\u00f6reningar och privatpersoner. Kurserna f\u00f6ljer R\u00f6da Korsets direktiv och efter godk\u00e4nd kurs kan man erh\u00e5lla ett intyg \u00f6ver f\u00e4rdigheterna.<\/p>\n<p><strong>De vanligaste kurserna \u00e4r:<\/strong><\/p>\n<ul style=\"list-style-type: circle;\">\n<li>Grundkursen i f\u00f6rsta hj\u00e4lp FHJ 1 (16 lektioner)<\/li>\n<li>Forts\u00e4ttningskursen FHJ 2 (16 lektioner)<\/li>\n<li>N\u00f6df\u00f6rsta hj\u00e4lpen (4-8 lektioner).<\/li>\n<\/ul>\n<p>\u00c4ven kurser i defibrillering (anv\u00e4ndning av hj\u00e4rtstartare) kan erbjudas. Kurserna skr\u00e4ddarsys utg\u00e5ende fr\u00e5n gruppens behov.<\/p>\n<p><strong>UNDERVISNING I H\u00c4LSO- OCH SJUKV\u00c5RDS\u00c4MNEN<\/strong><br \/>\nJag erbjuder olika f\u00f6rel\u00e4sningar inom h\u00e4lso- och sjukv\u00e5rds\u00e4mnen. F\u00f6rel\u00e4sningarna riktar sig till h\u00e4lso- och sjukv\u00e5rdsstuderande, skolor och f\u00f6reningar.<\/p>\n<p>F\u00f6rel\u00e4sningarna kan vara enstaka lektioner eller en hel kurs.<\/p>\n<p>Till mina favorit\u00e4mnen h\u00f6r v\u00e5rd i livets slutskede, l\u00e4kemedelsl\u00e4ra, anatomi och fysiologi samt minnessjukdomar. Jag \u00e4r en van f\u00f6rel\u00e4sare med approbatur i pedagogik.<\/p>\n<\/p><\/div>\n<\/p><\/div>\n<\/p><\/div>\n<\/p><\/div>\n<\/section>\n<section id=\"builder-section-text_27\" class=\"builder-section-prev-text builder-section builder-section-text builder-section-last builder-text-columns-2\" style=\"background-size: cover; background-repeat: no-repeat;background-position: center center;\">\n<div class=\"builder-section-content\">\n<div class=\"builder-text-row\">\n<div class=\"builder-text-column builder-text-column-1\" id=\"builder-section-text_27-column-1\">\n<div class=\"builder-text-content\">\n<div class=\"su-box su-box-style-bubbles\" id=\"\" style=\"border-color:#6d8a18;border-radius:1px\"><div class=\"su-box-title\" style=\"background-color:#a0bd4b;color:#ffffff;border-top-left-radius:0px;border-top-right-radius:0px\">F\u00f6r mer information och offert<\/div><div class=\"su-box-content su-u-clearfix su-u-trim\" style=\"border-bottom-left-radius:0px;border-bottom-right-radius:0px\">\n<p><span class=\"ttfmake-icon mceNonEditable fas\">\uf098<\/span> 040-8484 128<br \/>\n<span class=\"ttfmake-icon mceNonEditable fas\">\uf0e0<\/span> mia.sandholm@systermia.fi\u00a0 <\/div><\/div>\n<\/p><\/div>\n<\/p><\/div>\n<div class=\"builder-text-column builder-text-column-2\" id=\"builder-section-text_27-column-2\">\n<div class=\"builder-text-content\">\n\t\t\t\t\t\t\t\t\t\t\t<\/div>\n<\/p><\/div>\n<\/p><\/div>\n<\/p><\/div>\n<\/section>\n","protected":false},"excerpt":{"rendered":"<p>Kursutbud F\u00d6RSTA HJ\u00c4LPEN UTBILDNING Jag har sedan 1992 fungerat som utbildare i f\u00f6rsta hj\u00e4lpen och h\u00e4lsokunskap. Utbildning i f\u00f6rsta hj\u00e4lpen erbjuds till f\u00f6retag, l\u00e4roanstalter, f\u00f6reningar och privatpersoner. Kurserna f\u00f6ljer R\u00f6da Korsets direktiv och efter godk\u00e4nd kurs kan man erh\u00e5lla ett intyg \u00f6ver f\u00e4rdigheterna. De vanligaste kurserna \u00e4r: Grundkursen i f\u00f6rsta hj\u00e4lp FHJ 1 (16 lektioner) &hellip;<\/p>\n","protected":false},"author":1,"featured_media":0,"parent":0,"menu_order":0,"comment_status":"closed","ping_status":"closed","template":"template-builder.php","meta":{"footnotes":""},"class_list":["post-181","page","type-page","status-publish","hentry"],"_links":{"self":[{"href":"https:\/\/www.dahliahemmet.fi\/dh\/wp-json\/wp\/v2\/pages\/181"}],"collection":[{"href":"https:\/\/www.dahliahemmet.fi\/dh\/wp-json\/wp\/v2\/pages"}],"about":[{"href":"https:\/\/www.dahliahemmet.fi\/dh\/wp-json\/wp\/v2\/types\/page"}],"author":[{"embeddable":true,"href":"https:\/\/www.dahliahemmet.fi\/dh\/wp-json\/wp\/v2\/users\/1"}],"replies":[{"embeddable":true,"href":"https:\/\/www.dahliahemmet.fi\/dh\/wp-json\/wp\/v2\/comments?post=181"}],"version-history":[{"count":7,"href":"https:\/\/www.dahliahemmet.fi\/dh\/wp-json\/wp\/v2\/pages\/181\/revisions"}],"predecessor-version":[{"id":398,"href":"https:\/\/www.dahliahemmet.fi\/dh\/wp-json\/wp\/v2\/pages\/181\/revisions\/398"}],"wp:attachment":[{"href":"https:\/\/www.dahliahemmet.fi\/dh\/wp-json\/wp\/v2\/media?parent=181"}],"curies":[{"name":"wp","href":"https:\/\/api.w.org\/{rel}","templated":true}]}}