{"id":25,"date":"2016-10-06T11:31:15","date_gmt":"2016-10-06T11:31:15","guid":{"rendered":"http:\/\/www.dahliahemmet.fi\/dh\/?page_id=25"},"modified":"2018-08-15T14:45:08","modified_gmt":"2018-08-15T14:45:08","slug":"startsida","status":"publish","type":"page","link":"https:\/\/www.dahliahemmet.fi\/dh\/sv\/startsida\/","title":{"rendered":"Startsida"},"content":{"rendered":"<section id=\"builder-section-text_57\" class=\"builder-section-first builder-section builder-section-text builder-section-next-text builder-text-columns-3\" style=\"background-size: cover; background-repeat: no-repeat;background-position: center center;\">\n<div class=\"builder-section-content\">\n<div class=\"builder-text-row\">\n<div class=\"builder-text-column builder-text-column-1\" id=\"builder-section-text_57-column-1\">\n<div class=\"builder-text-content\">\n<p><a href=\"https:\/\/www.dahliahemmet.fi\/dh\/sv\/boende\"><img loading=\"lazy\" decoding=\"async\" class=\"aligncenter wp-image-245 size-medium\" src=\"https:\/\/www.dahliahemmet.fi\/dh\/wp-content\/uploads\/2018\/06\/boendeny-300x208.jpg\" alt=\"\" width=\"300\" height=\"208\" srcset=\"https:\/\/www.dahliahemmet.fi\/dh\/wp-content\/uploads\/2018\/06\/boendeny-300x208.jpg 300w, https:\/\/www.dahliahemmet.fi\/dh\/wp-content\/uploads\/2018\/06\/boendeny.jpg 720w\" sizes=\"(max-width: 300px) 100vw, 300px\" \/><\/a><\/p>\n<\/p><\/div>\n<\/p><\/div>\n<div class=\"builder-text-column builder-text-column-2\" id=\"builder-section-text_57-column-2\">\n<div class=\"builder-text-content\">\n<p><a href=\"https:\/\/www.dahliahemmet.fi\/dh\/sv\/vard\/\"><img loading=\"lazy\" decoding=\"async\" class=\"size-medium wp-image-350 aligncenter\" src=\"https:\/\/www.dahliahemmet.fi\/dh\/wp-content\/uploads\/2018\/08\/v\u00e5rd-300x208.jpg\" alt=\"\" width=\"300\" height=\"208\" srcset=\"https:\/\/www.dahliahemmet.fi\/dh\/wp-content\/uploads\/2018\/08\/v\u00e5rd-300x208.jpg 300w, https:\/\/www.dahliahemmet.fi\/dh\/wp-content\/uploads\/2018\/08\/v\u00e5rd.jpg 720w\" sizes=\"(max-width: 300px) 100vw, 300px\" \/><\/a><\/p>\n<\/p><\/div>\n<\/p><\/div>\n<div class=\"builder-text-column builder-text-column-3\" id=\"builder-section-text_57-column-3\">\n<div class=\"builder-text-content\">\n<p><a href=\"https:\/\/www.dahliahemmet.fi\/dh\/kursutbud\"><img loading=\"lazy\" decoding=\"async\" class=\"size-medium wp-image-349 aligncenter\" src=\"https:\/\/www.dahliahemmet.fi\/dh\/wp-content\/uploads\/2018\/08\/kursutbudaug-300x208.jpg\" alt=\"\" width=\"300\" height=\"208\" srcset=\"https:\/\/www.dahliahemmet.fi\/dh\/wp-content\/uploads\/2018\/08\/kursutbudaug-300x208.jpg 300w, https:\/\/www.dahliahemmet.fi\/dh\/wp-content\/uploads\/2018\/08\/kursutbudaug.jpg 720w\" sizes=\"(max-width: 300px) 100vw, 300px\" \/><\/a><\/p>\n<\/p><\/div>\n<\/p><\/div>\n<\/p><\/div>\n<\/p><\/div>\n<\/section>\n<section id=\"builder-section-text_65\" class=\"builder-section-prev-text builder-section builder-section-text builder-section-next-text builder-text-columns-1\" style=\"background-size: cover; background-repeat: no-repeat;background-position: center center;\">\n<div class=\"builder-section-content\">\n<div class=\"builder-text-row\">\n<div class=\"builder-text-column builder-text-column-1\" id=\"builder-section-text_65-column-1\">\n<div class=\"builder-text-content\">\n<p>Dahliahemmet ligger bel\u00e4get i lugna Dalsbruk, Kimito\u00f6n, i en sk\u00e4rg\u00e5rdsmilj\u00f6 omgiven av historiska byggnader. Ett stenkast ifr\u00e5n ligger vardaglig service s\u00e5som post, butik, bibliotek, caf\u00e9 och en h\u00e4lsocentral. Dahliahemmet \u00e4r ett privat effektiverat serviceboende grundat 17.10.2016.<\/p>\n<p>Vi\u00a0p\u00e5 Dahliahemmet erbjuder st\u00f6d och v\u00e5rd dygnet runt. F\u00f6rutom l\u00e5ngv\u00e5rd erbjuder vi \u00e4ven kortvarig intervallv\u00e5rd, t.ex vid semester f\u00f6r n\u00e4rst\u00e5endev\u00e5rdare och terminalv\u00e5rd vid livets slutskede.<\/p>\n<p>Till Dahliahemmet kommer man antingen helt privat, med servicesedel eller en betalningsf\u00f6rbindelse fr\u00e5n hemkommunen.<\/p>\n<p>Dahliahemmet \u00e4r godk\u00e4nd som serviceproducent inom effektiverat serviceboende i Kimito\u00f6ns kommun.<a href=\"http:\/\/www.kimitoon.fi\/files\/702\/ansokan_vardplats_soc.service.pdf\" target=\"_blank\" rel=\"noopener\"> L\u00e4mna in en ans\u00f6kan om v\u00e5rdplats till Kimito\u00f6ns kommun <span class=\"ttfmake-icon mceNonEditable fas\">\uf1c1<\/span><\/a><\/p>\n<p>Personalen p\u00e5 Dahliahemmet erbjuder v\u00e5rd och omsorg i en trygg milj\u00f6 med erfaren och kunnig personal. Personalen best\u00e5r av sjuksk\u00f6tare, n\u00e4rv\u00e5rdare och husmor. Som ansvarig l\u00e4kare fungerar Eero Kitinoja. Katterna Disa och Charlie deltar ocks\u00e5 i omv\u00e5rdnaden.<\/p>\n<p>Alla seniorer erbjuds ett patientalarm som b\u00e4rs p\u00e5 handleden f\u00f6r att \u00f6ka tryggheten.<\/p>\n<\/p><\/div>\n<\/p><\/div>\n<\/p><\/div>\n<\/p><\/div>\n<\/section>\n<section id=\"builder-section-1475753467115\" class=\"builder-section-prev-text builder-section builder-section-text builder-section-last builder-text-columns-2\" style=\"background-repeat: repeat;background-position: center center;\">\n<div class=\"builder-section-content\">\n<div class=\"builder-text-row\">\n<div class=\"builder-text-column builder-text-column-1\" id=\"builder-section-1475753467115-column-1\">\n<div class=\"builder-text-content\">\n<div class=\"su-box su-box-style-bubbles\" id=\"\" style=\"border-color:#6d8a18;border-radius:1px\"><div class=\"su-box-title\" style=\"background-color:#a0bd4b;color:#000000;border-top-left-radius:0px;border-top-right-radius:0px\">L\u00e4kar- och sjuksk\u00f6tarmottagning<\/div><div class=\"su-box-content su-u-clearfix su-u-trim\" style=\"border-bottom-left-radius:0px;border-bottom-right-radius:0px\">\n<div class=\"su-row\"><div class=\"su-column su-column-size-1-2\"><div class=\"su-column-inner su-u-clearfix su-u-trim\">\n<p style=\"text-align: left;\"><img loading=\"lazy\" decoding=\"async\" class=\"wp-image-71 size-thumbnail alignnone\" src=\"https:\/\/www.dahliahemmet.fi\/dh\/wp-content\/uploads\/2016\/10\/large_eerokitinoja-150x150.jpg\" alt=\"\" width=\"150\" height=\"150\" srcset=\"https:\/\/www.dahliahemmet.fi\/dh\/wp-content\/uploads\/2016\/10\/large_eerokitinoja-150x150.jpg 150w, https:\/\/www.dahliahemmet.fi\/dh\/wp-content\/uploads\/2016\/10\/large_eerokitinoja.jpg 180w\" sizes=\"(max-width: 150px) 100vw, 150px\" \/><br \/><strong>L\u00e4kare<br \/><\/strong>Eero Kitinoja<br \/><\/div><\/div>\n<div class=\"su-column su-column-size-1-2\"><div class=\"su-column-inner su-u-clearfix su-u-trim\"><strong><img loading=\"lazy\" decoding=\"async\" class=\"wp-image-375 size-thumbnail alignnone\" src=\"https:\/\/www.dahliahemmet.fi\/dh\/wp-content\/uploads\/2018\/08\/miasandholm-150x150.jpg\" alt=\"\" width=\"150\" height=\"150\" \/><br \/><\/strong><strong>Sjuksk\u00f6tare<br \/><\/strong>Mia Sandholm<strong><br \/><\/strong><\/div><\/div><\/div>\n<p style=\"text-align: center;\"><span style=\"font-size: 14pt;\"><strong>Tidsbokning till mottagningarna g\u00f6rs till<\/strong><\/span><br \/><span style=\"font-size: 18pt;\"><strong>040 8484 128<br \/><\/strong><\/span><\/div><\/div>\n<div class=\"su-box su-box-style-bubbles\" id=\"\" style=\"border-color:#6d8a18;border-radius:1px\"><div class=\"su-box-title\" style=\"background-color:#a0bd4b;color:#000000;border-top-left-radius:0px;border-top-right-radius:0px\">Kontakt<\/div><div class=\"su-box-content su-u-clearfix su-u-trim\" style=\"border-bottom-left-radius:0px;border-bottom-right-radius:0px\"><b>Dahliahemmet<\/b><br \/>Kolabacksv\u00e4gen 4<br \/>25900 Dalsbruk<br \/><span class=\"ttfmake-icon mceNonEditable fas\">\uf098<\/span>\u00a0040 7507222<br \/><span class=\"ttfmake-icon mceNonEditable fas\">\uf0e0<\/span> info@dahliahemmet.fi<\/p>\n<p style=\"text-align: left;\"><strong>Syster Mia<\/strong><br \/>Hemsjukv\u00e5rd<br \/><span class=\"ttfmake-icon mceNonEditable fas\">\uf098<\/span>\u00a0040 848 4128<br \/><span class=\"ttfmake-icon mceNonEditable fas\">\uf0e0<\/span> mia.sandholm@systermia.fi<\/div><\/div>\n<\/p><\/div>\n<\/p><\/div>\n<div class=\"builder-text-column builder-text-column-2\" id=\"builder-section-1475753467115-column-2\">\n<div class=\"builder-text-content\">\n<p><img loading=\"lazy\" decoding=\"async\" class=\"alignnone wp-image-210 aligncenter\" src=\"https:\/\/www.dahliahemmet.fi\/dh\/wp-content\/uploads\/2018\/02\/kvarnvinterutenara-300x225.jpg\" alt=\"\" width=\"299\" height=\"224\" srcset=\"https:\/\/www.dahliahemmet.fi\/dh\/wp-content\/uploads\/2018\/02\/kvarnvinterutenara-300x225.jpg 300w, https:\/\/www.dahliahemmet.fi\/dh\/wp-content\/uploads\/2018\/02\/kvarnvinterutenara-768x576.jpg 768w, https:\/\/www.dahliahemmet.fi\/dh\/wp-content\/uploads\/2018\/02\/kvarnvinterutenara-1024x768.jpg 1024w, https:\/\/www.dahliahemmet.fi\/dh\/wp-content\/uploads\/2018\/02\/kvarnvinterutenara.jpg 2048w\" sizes=\"(max-width: 299px) 100vw, 299px\" \/><\/p>\n<p><img loading=\"lazy\" decoding=\"async\" class=\"wp-image-209 aligncenter\" src=\"https:\/\/www.dahliahemmet.fi\/dh\/wp-content\/uploads\/2018\/02\/kvarnvinterute-225x300.jpg\" alt=\"\" width=\"299\" height=\"399\" srcset=\"https:\/\/www.dahliahemmet.fi\/dh\/wp-content\/uploads\/2018\/02\/kvarnvinterute-225x300.jpg 225w, https:\/\/www.dahliahemmet.fi\/dh\/wp-content\/uploads\/2018\/02\/kvarnvinterute.jpg 540w\" sizes=\"(max-width: 299px) 100vw, 299px\" \/><\/p>\n<\/p><\/div>\n<\/p><\/div>\n<\/p><\/div>\n<div class=\"builder-text-row\">\n<div class=\"builder-text-column builder-text-column-3\" id=\"builder-section-1475753467115-column-1\">\n<div class=\"builder-text-content\">\n<div id=\"fb-root\"><\/div>\n<p><script>(function(d, s, id) {\n  var js, fjs = d.getElementsByTagName(s)[0];\n  if (d.getElementById(id)) return;\n  js = d.createElement(s); js.id = id;\n  js.src = \"\/\/connect.facebook.net\/sv_SE\/sdk.js#xfbml=1&version=v2.9\";\n  fjs.parentNode.insertBefore(js, fjs);\n}(document, 'script', 'facebook-jssdk'));<\/script><\/p>\n<div class=\"fb-page\" data-href=\"https:\/\/www.facebook.com\/Dahliahemmet\" data-tabs=\"timeline\" data-small-header=\"false\" data-adapt-container-width=\"true\" data-hide-cover=\"false\" data-show-facepile=\"false\">\n<blockquote class=\"fb-xfbml-parse-ignore\" cite=\"https:\/\/www.facebook.com\/Dahliahemmet\">\n<p><a href=\"https:\/\/www.facebook.com\/Dahliahemmet\">Dahliahemmet \/ Dahliakoti<\/a><\/p>\n<\/blockquote>\n<\/div><\/div>\n<\/p><\/div>\n<div class=\"builder-text-column builder-text-column-4\" id=\"builder-section-1475753467115-column-2\">\n<div class=\"builder-text-content\">\n<div id=\"fb-root\"><\/div>\n<p><script>(function(d, s, id) {\n  var js, fjs = d.getElementsByTagName(s)[0];\n  if (d.getElementById(id)) return;\n  js = d.createElement(s); js.id = id;\n  js.src = 'https:\/\/connect.facebook.net\/sv_SE\/sdk.js#xfbml=1&version=v2.12';\n  fjs.parentNode.insertBefore(js, fjs);\n}(document, 'script', 'facebook-jssdk'));<\/script><\/p>\n<div class=\"fb-page\" data-href=\"https:\/\/www.facebook.com\/Syster-Mia-258037890927972\/\" data-tabs=\"timeline\" data-small-header=\"false\" data-adapt-container-width=\"true\" data-hide-cover=\"false\" data-show-facepile=\"true\">\n<blockquote class=\"fb-xfbml-parse-ignore\" cite=\"https:\/\/www.facebook.com\/Syster-Mia-258037890927972\/\">\n<p><a href=\"https:\/\/www.facebook.com\/Syster-Mia-258037890927972\/\">Syster Mia<\/a><\/p>\n<\/blockquote>\n<\/div><\/div>\n<\/p><\/div>\n<\/p><\/div>\n<\/p><\/div>\n<\/section>\n","protected":false},"excerpt":{"rendered":"<p>Dahliahemmet ligger bel\u00e4get i lugna Dalsbruk, Kimito\u00f6n, i en sk\u00e4rg\u00e5rdsmilj\u00f6 omgiven av historiska byggnader. Ett stenkast ifr\u00e5n ligger vardaglig service s\u00e5som post, butik, bibliotek, caf\u00e9 och en h\u00e4lsocentral. Dahliahemmet \u00e4r ett privat effektiverat serviceboende grundat 17.10.2016. Vi\u00a0p\u00e5 Dahliahemmet erbjuder st\u00f6d och v\u00e5rd dygnet runt. F\u00f6rutom l\u00e5ngv\u00e5rd erbjuder vi \u00e4ven kortvarig intervallv\u00e5rd, t.ex vid semester f\u00f6r &hellip;<\/p>\n","protected":false},"author":1,"featured_media":0,"parent":0,"menu_order":0,"comment_status":"closed","ping_status":"closed","template":"template-builder.php","meta":{"footnotes":""},"class_list":["post-25","page","type-page","status-publish","hentry"],"_links":{"self":[{"href":"https:\/\/www.dahliahemmet.fi\/dh\/wp-json\/wp\/v2\/pages\/25"}],"collection":[{"href":"https:\/\/www.dahliahemmet.fi\/dh\/wp-json\/wp\/v2\/pages"}],"about":[{"href":"https:\/\/www.dahliahemmet.fi\/dh\/wp-json\/wp\/v2\/types\/page"}],"author":[{"embeddable":true,"href":"https:\/\/www.dahliahemmet.fi\/dh\/wp-json\/wp\/v2\/users\/1"}],"replies":[{"embeddable":true,"href":"https:\/\/www.dahliahemmet.fi\/dh\/wp-json\/wp\/v2\/comments?post=25"}],"version-history":[{"count":79,"href":"https:\/\/www.dahliahemmet.fi\/dh\/wp-json\/wp\/v2\/pages\/25\/revisions"}],"predecessor-version":[{"id":389,"href":"https:\/\/www.dahliahemmet.fi\/dh\/wp-json\/wp\/v2\/pages\/25\/revisions\/389"}],"wp:attachment":[{"href":"https:\/\/www.dahliahemmet.fi\/dh\/wp-json\/wp\/v2\/media?parent=25"}],"curies":[{"name":"wp","href":"https:\/\/api.w.org\/{rel}","templated":true}]}}