{"id":278,"date":"2018-08-02T17:17:59","date_gmt":"2018-08-02T17:17:59","guid":{"rendered":"http:\/\/www.dahliahemmet.fi\/dh\/?page_id=278"},"modified":"2018-08-15T15:08:56","modified_gmt":"2018-08-15T15:08:56","slug":"kurssitarjonta","status":"publish","type":"page","link":"https:\/\/www.dahliahemmet.fi\/dh\/fi\/kurssitarjonta\/","title":{"rendered":"Kurssitarjonta"},"content":{"rendered":"<section id=\"builder-section-text_11\" class=\"builder-section-first builder-section builder-section-text builder-section-next-text builder-text-columns-1\" style=\"background-size: cover; background-repeat: no-repeat;background-position: center center;\">\n<div class=\"builder-section-content\">\n<div class=\"builder-text-row\">\n<div class=\"builder-text-column builder-text-column-1\" id=\"builder-section-text_11-column-1\">\n<div class=\"builder-text-content\">\n<h1>Kurssitarjonta<\/h1>\n<p><strong>ENSIAPUKOULUTUS<\/strong><br \/>\nOlen vuodesta 1992 toiminut ensiapu- sek\u00e4 terveystietokouluttajana.<\/p>\n<p>Ensiapukoulutuksia tarjotaan yrityksille, oppilaitoksille, yhdistyksille sek\u00e4 yksityishenkil\u00f6ille. Kurssit seuraavat Punaisen Ristin direktiivej\u00e4 ja hyv\u00e4ksytyn kurssin j\u00e4lkeen voi hankkia todistuksen taidoistaan ja valmiuksistaan.<\/p>\n<p><strong>Tavallisimmat kurssit ovat<\/strong><\/p>\n<ul style=\"list-style-type: circle;\">\n<li>Ensiavun peruskurssi EA 1 (16 oppituntia),<\/li>\n<li>Jatkokurssi EA 2 (16 oppituntia)<\/li>\n<li>H\u00e4t\u00e4ensiavun kurssit (4-8 oppituntia).<\/li>\n<\/ul>\n<p>My\u00f6s kursseja defibrillaattorin (syd\u00e4menk\u00e4ynnistyslaiteen) k\u00e4ytt\u00f6\u00f6n on tarjolla. Kurssit r\u00e4\u00e4t\u00e4l\u00f6id\u00e4\u00e4n ryhm\u00e4n tarpeiden mukaan.<\/p>\n<p>Luentokieli: ruotsi<\/p>\n<p><strong>Enemm\u00e4n informaatiota ja tarjouspyynn\u00f6t:<\/strong><br \/>\nOta yhteytt\u00e4 minuun s\u00e4hk\u00f6postilla mia.sandholm@systermia.fi, puhelimitse 040-8484128.<\/p>\n<p><strong>OPETUS TERVEYS- JA SAIRAANHOITOAINEISSA<\/strong><br \/>\nTarjoan erilaisia luentoja terveys- ja sairaanhoitoaineissa. Luennot ovat suunnattu terveys- ja sairaanhoitoalan opiskelijoille, kouluille ja yhdistyksille.<\/p>\n<p>Luennot voivat olla yksitt\u00e4isi\u00e4 luentoja tai kokonaisia kursseja.<\/p>\n<p>Minun lempiaineisiini kuuluvat saattohoito, l\u00e4\u00e4kehoito, anatomia ja fysiologia sek\u00e4 muistisairaudet. Olen tottunut luennoitsija arvosanalla approbatur pedagogiikassa.<\/p>\n<p>Luentokieli: ruotsi<\/p>\n<\/p><\/div>\n<\/p><\/div>\n<\/p><\/div>\n<\/p><\/div>\n<\/section>\n<section id=\"builder-section-text_25\" class=\"builder-section-prev-text builder-section builder-section-text builder-section-last builder-text-columns-2\" style=\"background-size: cover; background-repeat: no-repeat;background-position: center center;\">\n<div class=\"builder-section-content\">\n<div class=\"builder-text-row\">\n<div class=\"builder-text-column builder-text-column-1\" id=\"builder-section-text_25-column-1\">\n<div class=\"builder-text-content\">\n<div class=\"su-box su-box-style-bubbles\" id=\"\" style=\"border-color:#6d8a18;border-radius:1px\"><div class=\"su-box-title\" style=\"background-color:#a0bd4b;color:#ffffff;border-top-left-radius:0px;border-top-right-radius:0px\">Enemm\u00e4n informaatiota ja tarjouspyynn\u00f6t<\/div><div class=\"su-box-content su-u-clearfix su-u-trim\" style=\"border-bottom-left-radius:0px;border-bottom-right-radius:0px\">\n<p><span class=\"ttfmake-icon mceNonEditable fas\">\uf098<\/span> 040-8484 128<br \/>\n<span class=\"ttfmake-icon mceNonEditable fas\">\uf0e0<\/span> mia.sandholm@systermia.fi\u00a0 <\/div><\/div>\n<\/p><\/div>\n<\/p><\/div>\n<div class=\"builder-text-column builder-text-column-2\" id=\"builder-section-text_25-column-2\">\n<div class=\"builder-text-content\">\n\t\t\t\t\t\t\t\t\t\t\t<\/div>\n<\/p><\/div>\n<\/p><\/div>\n<\/p><\/div>\n<\/section>\n","protected":false},"excerpt":{"rendered":"<p>Kurssitarjonta ENSIAPUKOULUTUS Olen vuodesta 1992 toiminut ensiapu- sek\u00e4 terveystietokouluttajana. Ensiapukoulutuksia tarjotaan yrityksille, oppilaitoksille, yhdistyksille sek\u00e4 yksityishenkil\u00f6ille. Kurssit seuraavat Punaisen Ristin direktiivej\u00e4 ja hyv\u00e4ksytyn kurssin j\u00e4lkeen voi hankkia todistuksen taidoistaan ja valmiuksistaan. Tavallisimmat kurssit ovat Ensiavun peruskurssi EA 1 (16 oppituntia), Jatkokurssi EA 2 (16 oppituntia) H\u00e4t\u00e4ensiavun kurssit (4-8 oppituntia). My\u00f6s kursseja defibrillaattorin (syd\u00e4menk\u00e4ynnistyslaiteen) k\u00e4ytt\u00f6\u00f6n on &hellip;<\/p>\n","protected":false},"author":1,"featured_media":0,"parent":0,"menu_order":0,"comment_status":"closed","ping_status":"closed","template":"template-builder.php","meta":{"footnotes":""},"class_list":["post-278","page","type-page","status-publish","hentry"],"_links":{"self":[{"href":"https:\/\/www.dahliahemmet.fi\/dh\/wp-json\/wp\/v2\/pages\/278"}],"collection":[{"href":"https:\/\/www.dahliahemmet.fi\/dh\/wp-json\/wp\/v2\/pages"}],"about":[{"href":"https:\/\/www.dahliahemmet.fi\/dh\/wp-json\/wp\/v2\/types\/page"}],"author":[{"embeddable":true,"href":"https:\/\/www.dahliahemmet.fi\/dh\/wp-json\/wp\/v2\/users\/1"}],"replies":[{"embeddable":true,"href":"https:\/\/www.dahliahemmet.fi\/dh\/wp-json\/wp\/v2\/comments?post=278"}],"version-history":[{"count":4,"href":"https:\/\/www.dahliahemmet.fi\/dh\/wp-json\/wp\/v2\/pages\/278\/revisions"}],"predecessor-version":[{"id":401,"href":"https:\/\/www.dahliahemmet.fi\/dh\/wp-json\/wp\/v2\/pages\/278\/revisions\/401"}],"wp:attachment":[{"href":"https:\/\/www.dahliahemmet.fi\/dh\/wp-json\/wp\/v2\/media?parent=278"}],"curies":[{"name":"wp","href":"https:\/\/api.w.org\/{rel}","templated":true}]}}