{"id":322,"date":"2018-08-03T09:55:47","date_gmt":"2018-08-03T09:55:47","guid":{"rendered":"http:\/\/www.dahliahemmet.fi\/dh\/?page_id=322"},"modified":"2018-08-15T15:01:38","modified_gmt":"2018-08-15T15:01:38","slug":"vard","status":"publish","type":"page","link":"https:\/\/www.dahliahemmet.fi\/dh\/sv\/vard\/","title":{"rendered":"V\u00e5rd"},"content":{"rendered":"<section id=\"builder-section-text_11\" class=\"builder-section-first builder-section builder-section-text builder-section-next-text builder-text-columns-2\" style=\"background-size: cover; background-repeat: no-repeat;background-position: center center;\">\n<div class=\"builder-section-content\">\n<div class=\"builder-text-row\">\n<div class=\"builder-text-column builder-text-column-1\" id=\"builder-section-text_11-column-1\">\n<div class=\"builder-text-content\">\n<h3>Hemv\u00e5rd<\/h3>\n<p>Hemv\u00e5rd riktar sig till \u00e5ldringar, barnfamiljer, utvecklingsh\u00e4mmade, handikappade samt rehabiliteringsklienter inom mental &#8211; och missbrukarv\u00e5rden.<\/p>\n<p>Syster Mia erbjuder hj\u00e4lp med bl.a. personlig hygien, matlagning, ink\u00f6p och apoteks\u00e4renden. I begreppet hemv\u00e5rd ing\u00e5r ocks\u00e5 normal hush\u00e5llsst\u00e4dning. Hemv\u00e5rden kan \u00e4ven best\u00e5 av tillf\u00e4llig barnpassning eller annan hj\u00e4lp i barnfamiljer. Vi kan \u00e4ven anlitas som f\u00f6ljeslagare vid l\u00e4karbes\u00f6k.<\/p>\n<p>Hemv\u00e5rd kan ocks\u00e5 handla om att st\u00f6da och m\u00f6jligg\u00f6ra ett socialt meningsfullt liv. En pratstund, en promenad, en resa eller kanske ett bes\u00f6k till ett kulturevenemang. Vad som helst som ger Dej en guldkant i vardagen.<\/p>\n<p>Ett serviceavtal uppg\u00f6rs tillsammans med kunden. I avtalet best\u00e4ms bl.a. antal bes\u00f6k, servicens karakt\u00e4r samt kostnaderna. \u00c4ven en v\u00e5rdplan uppg\u00f6rs, tillsammans med Dej och\/eller Dina n\u00e4rst\u00e5ende.<\/p>\n<p>Kostnaden f\u00f6r hemv\u00e5rd \u00a0\u00e4r momsfri (moms 0 %). Kostnaden \u00e4r avdragbar i beskattningen genom hush\u00e5llsavdraget. Reseers\u00e4ttning enligt de statliga direktiven tillkommer.<\/p>\n<p>Vi bist\u00e5r g\u00e4rna med hj\u00e4lp att fylla i blanketter f\u00f6r hush\u00e5llsavdraget samt andra ev. ers\u00e4ttningar och bidrag som kunden kan s\u00f6ka.<\/p>\n<\/p><\/div>\n<\/p><\/div>\n<div class=\"builder-text-column builder-text-column-2\" id=\"builder-section-text_11-column-2\">\n<div class=\"builder-text-content\">\n<h3>Syster Mia Hemsjukv\u00e5rd<\/h3>\n<p>Hemsjukv\u00e5rden kan vara s.k. traditionell hemsjukv\u00e5rd eller av en mer akut karakt\u00e4r. Den traditionella hemv\u00e5rden kan t.ex. handla om bens\u00e5r, medicindelning, blodprov, injektionsgivning, vaccinering, stomiv\u00e5rd m.m. Man kan \u00e4ven k\u00f6pa hemsjukv\u00e5rds tj\u00e4nster som ett komplement till den kommunala hemv\u00e5rden under t.ex. kv\u00e4llar, helger och n\u00e4tter.<\/p>\n<p>Akut hemv\u00e5rd kan t.ex. vara s\u00e5rv\u00e5rd (limning av s\u00e5rkanter), borttagning av f\u00e4stingar, v\u00e5rd vid mindre br\u00e4nnskador m.m. Vid misstanke om infektionssjukdom kan CRP-blodprov (infektionsv\u00e4rde) tas. \u00c4ven urinprov kan utf\u00f6ras. Vid behov konsulterar jag l\u00e4kare och kan \u00e4ven p\u00e5 l\u00e4karens ordination p\u00e5b\u00f6rja l\u00e4kemedelsbehandling t.ex. antibiotika.<\/p>\n<p>Debiteringen sker enligt timpris med \u00bd timmes noggrannhet. Ev. kv\u00e4lls-, natt- och helgdagsers\u00e4ttningar kan tillkomma. Kostnaderna f\u00f6r hemsjukv\u00e5rd \u00e4r momsfria. Reseers\u00e4ttning enligt de statliga direktiven tillkommer.<\/p>\n<p>En del v\u00e5rdf\u00f6rn\u00f6denheter ing\u00e5r i priset s\u00e5 som tunna kompresser, f\u00f6rband etc. \u00d6vrigt material st\u00e5r kunden sj\u00e4lv f\u00f6r.\u00a0<\/p>\n<p>En del av kostnaderna f\u00f6r hemsjukv\u00e5rd kan eventuellt ers\u00e4ttas av exempelvis Folkpensionsanstalten FPA eller ett f\u00f6rs\u00e4kringsbolag. Jag hj\u00e4lper g\u00e4rna till att fylla i dessa blanketter.<\/p>\n<p>Syster Mia erbjuder hemsjukv\u00e5rd i Kimito\u00f6ns kommun och Pargas.<\/p>\n<\/p><\/div>\n<\/p><\/div>\n<\/p><\/div>\n<\/p><\/div>\n<\/section>\n<section id=\"builder-section-text_43\" class=\"builder-section-prev-text builder-section builder-section-text builder-section-next-text builder-text-columns-1\" style=\"background-size: cover; background-repeat: no-repeat;background-position: center center;\">\n<div class=\"builder-section-content\">\n<div class=\"builder-text-row\">\n<div class=\"builder-text-column builder-text-column-1\" id=\"builder-section-text_43-column-1\">\n<div class=\"builder-text-content\">\n<h2>V\u00e5rd i livets slutskede \u2013 Palliativ v\u00e5rd<\/h2>\n<p>Att d\u00f6 \u00e4r en naturlig del av livet. I det skedet d\u00e5 inga behandlingar l\u00e4ngre kan bota eller f\u00f6rb\u00e4ttra en d\u00f6dlig sjukdom kan det f\u00f6r m\u00e5nga vara sk\u00f6nt att p\u00e5 ett v\u00e4rdigt s\u00e4tt f\u00e5 avsluta livet bland n\u00e4ra och k\u00e4ra i sitt eget hem.<\/p>\n<p>Jag \u00e4r till min utbildning specialiserad i sm\u00e4rtbehandling och palliativ v\u00e5rd.<\/p>\n<p>V\u00e5rden i livets slutskede f\u00f6rverkligas tillsammans med familjen eller andra f\u00f6r patienten k\u00e4ra personer, i en trygg milj\u00f6. Syster Mia st\u00e5r till Ert f\u00f6rfogande dygnet runt.<\/p>\n<p>Eventuell medicinering s\u00e5 som ex. sm\u00e4rtlindring ordineras av l\u00e4kare (antingen p\u00e5 hvc, sjukhus eller inom den privata sektorn).<\/p>\n<p>Syster Mia sk\u00f6ter om all konsultering och annan kontakt till l\u00e4kare. Jag sk\u00f6ter om att det finns mediciner, v\u00e5rdf\u00f6rn\u00f6denheter och annat till f\u00f6rfogande i Ert hem. Jag hj\u00e4lper Er ocks\u00e5 g\u00e4rna med andra saker s\u00e5 som kontakt till f\u00f6rsamlingen, begravningsbyr\u00e5n etc.<\/p>\n<p>Om patienten eller anh\u00f6riga \u00f6nskar s\u00e5 kan man \u00e4ven erh\u00e5lla hj\u00e4lp fr\u00e5n andra sakkunniga s\u00e5 som pr\u00e4sten, diakonissan etc.<\/p>\n<p>V\u00e5rden planeras tillsammans med alla delaktiga och s\u00e5 v\u00e4l den d\u00f6endes som de anh\u00f6rigas \u00f6nskem\u00e5l beaktas. Den d\u00f6endes sj\u00e4lvbest\u00e4mmander\u00e4tt och integritet \u00e4r de viktigaste r\u00e4ttesn\u00f6rena vid v\u00e5rden i livets slutskede.<\/p>\n<p>Om det av n\u00e5gon orsak finns en \u00f6nskan eller ett behov av att f\u00f6rflytta v\u00e5rden till ett sjukhus eller en b\u00e4ddavdelning hj\u00e4lper Syster Mia Er med det.<\/p>\n<\/p><\/div>\n<\/p><\/div>\n<\/p><\/div>\n<div class=\"builder-text-row\">\n<div class=\"builder-text-column builder-text-column-2\" id=\"builder-section-text_43-column-1\">\n<div class=\"builder-text-content\">\n<h2>L\u00e4karkonsultering och mottagning<\/h2>\n<p>L\u00e4karbes\u00f6k via Syster Mia.<\/p>\n<p>Det finns m\u00f6jlighet att &#8221;bes\u00f6ka&#8221; l\u00e4karen Eero Kitinoja (spec. i allm\u00e4n medicin) via s.k. videomottagning. Du bokar en tid till Eero via mig.<\/p>\n<p>Jag kommer p\u00e5 hembes\u00f6k och har med mig en b\u00e4rbar dator med internet uppkoppling. L\u00e4karbes\u00f6ket sker allts\u00e5 hemma i ditt eget hem via datorn, d\u00e4r du ser och kan tala med l\u00e4karen via Skype.<\/p>\n<p>En del unders\u00f6kningar kan jag g\u00f6ra, s\u00e5 som blodtrycksm\u00e4tning, m\u00e4tning av infektionsv\u00e4rde (CRP) etc. f\u00f6r att underl\u00e4tta diagnostiseringen. Om behov finns, skickar Eero recept till apoteket. En del mediciner (s\u00e5 som antibiotika) kan startas genast.<\/p>\n<p><strong>Skype-kontakten sker p\u00e5 en f\u00f6r \u00e4ndam\u00e5let s\u00e4krad webbplats.<\/strong><\/p>\n<p>Du betalar (mot faktura) f\u00f6r l\u00e4karbes\u00f6ket och f\u00f6r mitt hembes\u00f6k.<\/p>\n<\/p><\/div>\n<\/p><\/div>\n<\/p><\/div>\n<\/p><\/div>\n<\/section>\n<section id=\"builder-section-text_51\" class=\"builder-section-prev-text builder-section builder-section-text builder-section-last builder-text-columns-2\" style=\"background-size: cover; background-repeat: no-repeat;background-position: center center;\">\n<div class=\"builder-section-content\">\n<div class=\"builder-text-row\">\n<div class=\"builder-text-column builder-text-column-1\" id=\"builder-section-text_51-column-1\">\n<div class=\"builder-text-content\">\n<blockquote>\n<p style=\"text-align: center;\">Eero Kitinoja, spec.l\u00e4kare i allm\u00e4n medicin har \u00e4ven l\u00e4karmottagning p\u00e5 Dahliahemmet,\u00a0 2 g\u00e5nger per m\u00e5nad.<\/p>\n<p style=\"text-align: center;\">Tidsbokning<br \/><strong><span style=\"font-size: 18pt;\">040 8484128<\/span><\/strong><\/p>\n<\/blockquote><\/div>\n<\/p><\/div>\n<div class=\"builder-text-column builder-text-column-2\" id=\"builder-section-text_51-column-2\">\n<div class=\"builder-text-content\">\n<div class=\"su-box su-box-style-bubbles\" id=\"\" style=\"border-color:#6d8a18;border-radius:1px\"><div class=\"su-box-title\" style=\"background-color:#a0bd4b;color:#000000;border-top-left-radius:0px;border-top-right-radius:0px\">L\u00e4kar- och sjuksk\u00f6tarmottagning<\/div><div class=\"su-box-content su-u-clearfix su-u-trim\" style=\"border-bottom-left-radius:0px;border-bottom-right-radius:0px\">\n<div class=\"su-row\"><div class=\"su-column su-column-size-1-2\"><div class=\"su-column-inner su-u-clearfix su-u-trim\">\n<p style=\"text-align: left;\"><img loading=\"lazy\" decoding=\"async\" class=\"wp-image-71 size-thumbnail alignnone\" src=\"https:\/\/www.dahliahemmet.fi\/dh\/wp-content\/uploads\/2016\/10\/large_eerokitinoja-150x150.jpg\" alt=\"\" width=\"150\" height=\"150\" srcset=\"https:\/\/www.dahliahemmet.fi\/dh\/wp-content\/uploads\/2016\/10\/large_eerokitinoja-150x150.jpg 150w, https:\/\/www.dahliahemmet.fi\/dh\/wp-content\/uploads\/2016\/10\/large_eerokitinoja.jpg 180w\" sizes=\"(max-width: 150px) 100vw, 150px\" \/><br \/><strong>L\u00e4kare<br \/><\/strong>Eero Kitinoja<br \/><\/div><\/div>\n<div class=\"su-column su-column-size-1-2\"><div class=\"su-column-inner su-u-clearfix su-u-trim\"><strong><img loading=\"lazy\" decoding=\"async\" class=\"wp-image-375 size-thumbnail alignnone\" src=\"https:\/\/www.dahliahemmet.fi\/dh\/wp-content\/uploads\/2018\/08\/miasandholm-150x150.jpg\" alt=\"\" width=\"150\" height=\"150\" \/><br \/><\/strong><strong>Sjuksk\u00f6tare<br \/><\/strong>Mia Sandholm<strong><br \/><\/strong><\/div><\/div><\/div>\n<p style=\"text-align: center;\"><span style=\"font-size: 14pt;\"><strong>Tidsbokning till mottagningarna g\u00f6rs till<\/strong><\/span><br \/><span style=\"font-size: 18pt;\"><strong>040 8484 128<br \/><\/strong><\/span><\/div><\/div>\n<\/p><\/div>\n<\/p><\/div>\n<\/p><\/div>\n<\/p><\/div>\n<\/section>\n","protected":false},"excerpt":{"rendered":"<p>Hemv\u00e5rd Hemv\u00e5rd riktar sig till \u00e5ldringar, barnfamiljer, utvecklingsh\u00e4mmade, handikappade samt rehabiliteringsklienter inom mental &#8211; och missbrukarv\u00e5rden. Syster Mia erbjuder hj\u00e4lp med bl.a. personlig hygien, matlagning, ink\u00f6p och apoteks\u00e4renden. I begreppet hemv\u00e5rd ing\u00e5r ocks\u00e5 normal hush\u00e5llsst\u00e4dning. Hemv\u00e5rden kan \u00e4ven best\u00e5 av tillf\u00e4llig barnpassning eller annan hj\u00e4lp i barnfamiljer. Vi kan \u00e4ven anlitas som f\u00f6ljeslagare vid l\u00e4karbes\u00f6k. &hellip;<\/p>\n","protected":false},"author":1,"featured_media":0,"parent":0,"menu_order":0,"comment_status":"closed","ping_status":"closed","template":"template-builder.php","meta":{"footnotes":""},"class_list":["post-322","page","type-page","status-publish","hentry"],"_links":{"self":[{"href":"https:\/\/www.dahliahemmet.fi\/dh\/wp-json\/wp\/v2\/pages\/322"}],"collection":[{"href":"https:\/\/www.dahliahemmet.fi\/dh\/wp-json\/wp\/v2\/pages"}],"about":[{"href":"https:\/\/www.dahliahemmet.fi\/dh\/wp-json\/wp\/v2\/types\/page"}],"author":[{"embeddable":true,"href":"https:\/\/www.dahliahemmet.fi\/dh\/wp-json\/wp\/v2\/users\/1"}],"replies":[{"embeddable":true,"href":"https:\/\/www.dahliahemmet.fi\/dh\/wp-json\/wp\/v2\/comments?post=322"}],"version-history":[{"count":6,"href":"https:\/\/www.dahliahemmet.fi\/dh\/wp-json\/wp\/v2\/pages\/322\/revisions"}],"predecessor-version":[{"id":396,"href":"https:\/\/www.dahliahemmet.fi\/dh\/wp-json\/wp\/v2\/pages\/322\/revisions\/396"}],"wp:attachment":[{"href":"https:\/\/www.dahliahemmet.fi\/dh\/wp-json\/wp\/v2\/media?parent=322"}],"curies":[{"name":"wp","href":"https:\/\/api.w.org\/{rel}","templated":true}]}}